{"id":131,"date":"2023-11-01T09:22:51","date_gmt":"2023-11-01T09:22:51","guid":{"rendered":"https:\/\/www.tobiassolem.se\/hjarterum.nu\/?page_id=131"},"modified":"2025-02-17T19:20:44","modified_gmt":"2025-02-17T19:20:44","slug":"faq","status":"publish","type":"page","link":"https:\/\/tobiassolem.se\/hjarterum.nu\/faq\/","title":{"rendered":"Faq"},"content":{"rendered":"\n<div class=\"section-wrapper\" data-id=\"8UGzVP\"><section class=\"wp-block-gutenverse-section guten-element guten-section guten-8UGzVP animated guten-element-hide slow desktop-fadeIn layout-boxed align-stretch\"><div class=\"guten-container guten-column-gap-no\">\n<div class=\"wp-block-gutenverse-column guten-element guten-column guten-SoC1Sb\"><div class=\"guten-column-wrapper\" data-id=\"SoC1Sb\">\n<div class=\"section-wrapper\" data-id=\"yGCHzx\"><section class=\"wp-block-gutenverse-section guten-element guten-section guten-yGCHzx layout-boxed align-stretch\"><div class=\"guten-container guten-column-gap-no\">\n<div class=\"wp-block-gutenverse-column guten-element guten-column guten-wmrSCg\"><div class=\"guten-column-wrapper\" data-id=\"wmrSCg\">\n<div class=\"section-wrapper\" data-id=\"AIDIXQ\"><section class=\"wp-block-gutenverse-section guten-element guten-section guten-AIDIXQ layout-boxed align-stretch\"><div class=\"guten-container guten-column-gap-no\">\n<div class=\"wp-block-gutenverse-column guten-element guten-column guten-LL7BZM\"><div class=\"guten-column-wrapper\" data-id=\"LL7BZM\">\n<div class=\"section-wrapper\" data-id=\"9ocsth\"><section class=\"wp-block-gutenverse-section guten-element guten-section guten-9ocsth layout-boxed align-stretch\"><div class=\"guten-container guten-column-gap-no\">\n<div class=\"wp-block-gutenverse-column guten-element guten-column guten-S5toc0\"><div class=\"guten-column-wrapper\" data-id=\"S5toc0\">\n<h2 class=\"wp-block-gutenverse-heading guten-element guten-OmJzPn animated guten-element-hide desktop-fadeInLeft\"><\/h2>\n\n\n\n<h2 class=\"wp-block-gutenverse-heading guten-element guten-jGlkzZ\"><\/h2>\n<\/div><\/div>\n<\/div><\/section><\/div>\n<\/div><\/div>\n\n\n\n<div class=\"wp-block-gutenverse-column guten-element guten-column guten-5fK99z\"><div class=\"guten-column-wrapper\" data-id=\"5fK99z\">\n<div class=\"guten-element guten-accordions guten-sXxqbo animated guten-element-hide desktop-fadeInLeft\">\n<div class=\"accordion-item guten-FJx5fk\"><div class=\"accordion-heading\"><span class=\"accordion-text\">Var ligger detta st\u00e4lle?<\/span><div class=\"accordion-icon\"><span class=\"accordion-icon-open\"><i class=\"gtn gtn-x-line\"><\/i><\/span><span class=\"accordion-icon-closed\"><i class=\"gtn gtn-plus-light\"><\/i><\/span><\/div><\/div><div class=\"accordion-body\"><div class=\"accordion-content\">\n<p>Denna verksamhet kommer att f\u00f6rhoppningsvis vara bel\u00e4gen i Malm\u00f6 centrum i en enklare lokal i b\u00f6rjan men ska p\u00e5 sikt f\u00f6rhoppningsvis kunna hyra ett bra st\u00e4lle. Bor du i en annan stad \u00e4n Malm\u00f6 och intresserad av detta? skicka in en intresseanm\u00e4lan s\u00e5 kanske det dyker upp i din stad fram\u00f6ver.<\/p>\n<\/div><\/div><\/div>\n\n\n\n<div class=\"accordion-item guten-Y3rMTt\"><div class=\"accordion-heading\"><span class=\"accordion-text\">Vad f\u00e5r jag ta med mig?<\/span><div class=\"accordion-icon\"><span class=\"accordion-icon-open\"><i class=\"gtn gtn-x-line\"><\/i><\/span><span class=\"accordion-icon-closed\"><i class=\"gtn gtn-plus-light\"><\/i><\/span><\/div><\/div><div class=\"accordion-body\"><div class=\"accordion-content\">\n<p>Du kommer kunna ta med dig ditt kreativa projekt som helt enkelt inte st\u00f6r andra kan man s\u00e4ga och enklare saker som laptop, eget fika osv. Det inneb\u00e4r s\u00e5dant som inte luktar starkt, stora h\u00f6gljudda maskiner och liknande. Man kommer r\u00e4tt l\u00e5ngt med sunt f\u00f6rnuft. T\u00e4nk mer broderi och pyssel men inte slipmaskin, lacknafta och s\u00e5nt som dammar.<\/p>\n<\/div><\/div><\/div>\n\n\n\n<div class=\"accordion-item guten-A2lMuP\"><div class=\"accordion-heading\"><span class=\"accordion-text\"> Varf\u00f6r kostar det?<\/span><div class=\"accordion-icon\"><span class=\"accordion-icon-open\"><i class=\"gtn gtn-x-line\"><\/i><\/span><span class=\"accordion-icon-closed\"><i class=\"gtn gtn-plus-light\"><\/i><\/span><\/div><\/div><div class=\"accordion-body\"><div class=\"accordion-content\">\n<p>M\u00e5nga f\u00f6reningar och organisationer har en v\u00e4ldigt l\u00e5g kostnad och det kan ju verka vara en stor f\u00f6rdel. Dock \u00e4r det m\u00e5nga g\u00e5nger tv\u00e4rtom. De riskerar att bli fullkomligt beroende av bidrag och politiskt styre och \u00e4r hela tiden i riskzonen att f\u00e5 st\u00e4nga ner. Flera v\u00e4rdefulla har redan f\u00e5tt st\u00e4nga ner i Malm\u00f6 pga detta. En liten m\u00e5nadsavgift betyder att <em>vi tillsammans bygger detta<\/em> st\u00e4lle. Det finns inga g\u00f6mda fickor som pengarna slinker ner i d\u00e5 det \u00e4r en ideell f\u00f6rening och allt g\u00e5r till att f\u00f6rb\u00e4ttra f\u00f6reningen s\u00e5 vi kan g\u00f6ra mer saker tillsammans. <\/p>\n\n\n\n<p><br>Pengarna ska g\u00e5 till att kunna skaffa en lite schysstare lokal (s\u00e5 man inte hamnar i en avdankad k\u00e4llare f\u00f6r evigt), utrustning som medlemmarna kan dra nytta av ( p\u00e5 sikt &#8211; keramikugn, svarv, borrmaskin, symaskin, mediautrustning exempelvis. ). Ungef\u00e4r s\u00e5. <br><br>Jag jobbar och klurar i dagsl\u00e4get p\u00e5 olika s\u00e4tt att finansiera detta och det viktigaste f\u00f6r mig \u00e4r att det blir av och att det blir bra. Och h\u00e5llbart. <\/p>\n<\/div><\/div><\/div>\n\n\n\n<div class=\"accordion-item guten-wkmzvZ\"><div class=\"accordion-heading\"><span class=\"accordion-text\">F\u00e5r man ta med sig djur\/ barn?<\/span><div class=\"accordion-icon\"><span class=\"accordion-icon-open\"><i class=\"gtn gtn-x-line\"><\/i><\/span><span class=\"accordion-icon-closed\"><i class=\"gtn gtn-plus-light\"><\/i><\/span><\/div><\/div><div class=\"accordion-body\"><div class=\"accordion-content\">\n<p>P\u00e5 grund av att det ska h\u00e5llas lugnt och trivsamt kommer det inte vara m\u00f6jligt.<\/p>\n<\/div><\/div><\/div>\n\n\n\n<div class=\"accordion-item guten-4LzZZh\"><div class=\"accordion-heading\"><span class=\"accordion-text\"> \u00e5lder?<\/span><div class=\"accordion-icon\"><span class=\"accordion-icon-open\"><i class=\"gtn gtn-x-line\"><\/i><\/span><span class=\"accordion-icon-closed\"><i class=\"gtn gtn-plus-light\"><\/i><\/span><\/div><\/div><div class=\"accordion-body\"><div class=\"accordion-content\">\n<p>Denna verksamhet \u00e4r menad att vara f\u00f6r alla som kan klara sig p\u00e5 egen hand och f\u00f6lja g\u00e4llande trivselregler och stadgar.<\/p>\n<\/div><\/div><\/div>\n\n\n\n<div class=\"accordion-item guten-Nb5Q3W active\"><div class=\"accordion-heading\"><span class=\"accordion-text\"> N\u00e4r startar detta?<\/span><div class=\"accordion-icon\"><span class=\"accordion-icon-open\"><i class=\"gtn gtn-x-line\"><\/i><\/span><span class=\"accordion-icon-closed\"><i class=\"gtn gtn-plus-light\"><\/i><\/span><\/div><\/div><div class=\"accordion-body\"><div class=\"accordion-content\">\n<p>Just nu h\u00e5ller jag p\u00e5 att kn\u00e5pa ihop en verksamhetsplan f\u00f6r att kunna s\u00f6ka bidrag och lokal. Jag h\u00e5ller \u00e4ven p\u00e5 med andra aktiviteter och har b\u00f6rjat med mindre tr\u00e4ffar tillsammans med intresserade d\u00e5 det kommer ta lite tid att f\u00e5 tag p\u00e5 lokal och bidrag. Men jag jobbar p\u00e5 det! \ud83d\ude42<\/p>\n\n\n\n<p>Vet du n\u00e5gon som kan vara intresserad? Tipsa de g\u00e4rna s\u00e5 att fler vet att det existerar.<\/p>\n<\/div><\/div><\/div>\n<\/div>\n<\/div><\/div>\n<\/div><\/section><\/div>\n<\/div><\/div>\n<\/div><\/section><\/div>\n<\/div><\/div>\n<\/div><\/section><\/div>\n","protected":false},"excerpt":{"rendered":"","protected":false},"author":1,"featured_media":0,"parent":0,"menu_order":0,"comment_status":"closed","ping_status":"open","template":"","meta":{"footnotes":""},"class_list":["post-131","page","type-page","status-publish","hentry"],"_links":{"self":[{"href":"https:\/\/tobiassolem.se\/hjarterum.nu\/wp-json\/wp\/v2\/pages\/131","targetHints":{"allow":["GET"]}}],"collection":[{"href":"https:\/\/tobiassolem.se\/hjarterum.nu\/wp-json\/wp\/v2\/pages"}],"about":[{"href":"https:\/\/tobiassolem.se\/hjarterum.nu\/wp-json\/wp\/v2\/types\/page"}],"author":[{"embeddable":true,"href":"https:\/\/tobiassolem.se\/hjarterum.nu\/wp-json\/wp\/v2\/users\/1"}],"replies":[{"embeddable":true,"href":"https:\/\/tobiassolem.se\/hjarterum.nu\/wp-json\/wp\/v2\/comments?post=131"}],"version-history":[{"count":33,"href":"https:\/\/tobiassolem.se\/hjarterum.nu\/wp-json\/wp\/v2\/pages\/131\/revisions"}],"predecessor-version":[{"id":10393,"href":"https:\/\/tobiassolem.se\/hjarterum.nu\/wp-json\/wp\/v2\/pages\/131\/revisions\/10393"}],"wp:attachment":[{"href":"https:\/\/tobiassolem.se\/hjarterum.nu\/wp-json\/wp\/v2\/media?parent=131"}],"curies":[{"name":"wp","href":"https:\/\/api.w.org\/{rel}","templated":true}]}}